{"id":8,"date":"2021-07-27T12:43:21","date_gmt":"2021-07-27T12:43:21","guid":{"rendered":"http:\/\/51.124.107.145\/?page_id=8"},"modified":"2023-05-29T12:24:17","modified_gmt":"2023-05-29T12:24:17","slug":"alapitvanyunk","status":"publish","type":"page","link":"https:\/\/kozpont.tamaszpont.net\/","title":{"rendered":"Alap\u00edtv\u00e1nyunk"},"content":{"rendered":"\n<figure class=\"wp-block-image size-full\"><img loading=\"lazy\" decoding=\"async\" width=\"1024\" height=\"250\" src=\"https:\/\/kozpont.tamaszpont.net\/wp-content\/uploads\/2021\/08\/tamaszpont_rolunk-01-1024x250-1.png\" alt=\"\" class=\"wp-image-391\" srcset=\"https:\/\/kozpont.tamaszpont.net\/wp-content\/uploads\/2021\/08\/tamaszpont_rolunk-01-1024x250-1.png 1024w, https:\/\/kozpont.tamaszpont.net\/wp-content\/uploads\/2021\/08\/tamaszpont_rolunk-01-1024x250-1-300x73.png 300w, https:\/\/kozpont.tamaszpont.net\/wp-content\/uploads\/2021\/08\/tamaszpont_rolunk-01-1024x250-1-768x188.png 768w\" sizes=\"auto, (max-width: 799px) 94vw, (max-width: 1023px) 67vw, (max-width: 1365px) 62vw, 1037\" \/><\/figure>\n\n\n\n<h1 class=\"wp-block-heading\">Misszi\u00f3nk&nbsp;<\/h1>\n\n\n\n<p>A T\u00e1maszpont Ment\u00e1lhigi\u00e9n\u00e9s Oktat\u00e1si \u00e9s Prevenci\u00f3s K\u00f6zhaszn\u00fa Alap\u00edtv\u00e1ny f\u0151 c\u00e9lja, hogy seg\u00edtse a fiatalokat az eg\u00e9szs\u00e9ges feln\u0151tt\u00e9 v\u00e1l\u00e1s folyamat\u00e1ban.\u00a0\u00a0\u00a0<\/p>\n\n\n\n<p>Ehhez kapcsol\u00f3d\u00f3 f\u0151 tev\u00e9kenys\u00e9geink:&nbsp;<\/p>\n\n\n\n<ul class=\"wp-block-list\">\n<li>Prevenci\u00f3s tev\u00e9kenys\u00e9g&nbsp;&nbsp;<\/li>\n\n\n\n<li>Alapvet\u0151 emberi \u00e9rt\u00e9kek k\u00f6zvet\u00edt\u00e9se\/\u00e1tad\u00e1sa&nbsp;&nbsp;<\/li>\n\n\n\n<li>Alacsony k\u00fcsz\u00f6b\u0171 k\u00f6z\u00f6ss\u00e9gi t\u00e9r m\u0171k\u00f6dtet\u00e9se&nbsp;&nbsp;<\/li>\n\n\n\n<li>Nemzetk\u00f6zi mobilit\u00e1si lehet\u0151s\u00e9gek biztos\u00edt\u00e1sa&nbsp;<\/li>\n\n\n\n<li>Nevel\u00e9st \u00e9s oktat\u00e1st kieg\u00e9sz\u00edt\u0151 k\u00e9szs\u00e9g \u00e9s k\u00e9pess\u00e9g fejleszt\u0151 foglalkoz\u00e1sok&nbsp;&nbsp;<\/li>\n\n\n\n<li>Kultur\u00e1lis \u00e9s szabadid\u0151s programok, szolg\u00e1ltat\u00e1sok&nbsp;&nbsp;<\/li>\n\n\n\n<li>Gyermek \u00e9s ifj\u00fas\u00e1gi \u00e9rdekk\u00e9pviselet&nbsp;&nbsp;<\/li>\n<\/ul>\n\n\n\n<h1 class=\"wp-block-heading\">V\u00edzi\u00f3nk&nbsp;<\/h1>\n\n\n\n<ul class=\"wp-block-list\">\n<li>Fontos sz\u00e1munkra, hogy fiataljaink meg\u0151rizz\u00e9k fizikai \u00e9s ment\u00e1lis eg\u00e9szs\u00e9g\u00fcket (Prevenci\u00f3s tev\u00e9kenys\u00e9g)&nbsp;&nbsp;<\/li>\n\n\n\n<li>Sz\u00e1munkra fontos alapvet\u0151 emberi \u00e9rt\u00e9kek: tolerancia, szolidarit\u00e1s, emp\u00e1tia, el- \u00e9s befogad\u00e1s, es\u00e9lyegyenl\u0151s\u00e9g, partners\u00e9g, nyitotts\u00e1g, soksz\u00edn\u0171s\u00e9g, akt\u00edv t\u00e1rsadalmi r\u00e9szv\u00e9tel, \u00f6nismeret, \u00f6nreflexi\u00f3, asszertivit\u00e1s, vitakult\u00fara, konstruktivit\u00e1s&nbsp;&nbsp;<\/li>\n\n\n\n<li>Biztons\u00e1gos \u00e9s min\u0151s\u00e9gi szabadid\u0151 elt\u00f6lt\u00e9si form\u00e1k biztos\u00edt\u00e1sa, a fiatalokat \u00e9rint\u0151 t\u00e9m\u00e1kkal kapcsolatos inform\u00e1ci\u00f3szolg\u00e1ltat\u00e1s, szakmai munkat\u00e1rsaink folyamatos el\u00e9rhet\u0151s\u00e9g\u00e9nek biztos\u00edt\u00e1sa&nbsp;&nbsp;<\/li>\n\n\n\n<li>Fontosnak tartjuk a t\u00e1gabb vil\u00e1g\/k\u00f6rnyezet megismer\u00e9s\u00e9nek, a multikultur\u00e1lis tanul\u00e1s \u00e9s k\u00fcl\u00f6nb\u00f6z\u0151 n\u00e9z\u0151pontok, szok\u00e1sok megismer\u00e9s\u00e9nek, az \u00f6n\u00e1ll\u00f3s\u00e1g \u00e9s \u00f6nismeret kialak\u00edt\u00e1s\u00e1nak t\u00e1mogat\u00e1s\u00e1t.&nbsp;&nbsp;<\/li>\n\n\n\n<li>Munk\u00e1nk fontos r\u00e9sze fiatalok ig\u00e9nyeinek felm\u00e9r\u00e9se, azokra val\u00f3 reflekt\u00e1l\u00e1s, \u00e9s azok k\u00f6zvet\u00edt\u00e9se a d\u00f6nt\u00e9shoz\u00f3k fel\u00e9&nbsp;<\/li>\n<\/ul>\n\n\n\n<h1 class=\"wp-block-heading\">M\u00f3dszer, helysz\u00edn, c\u00e9lcsoport:\u00a0<\/h1>\n\n\n\n<ul class=\"wp-block-list\">\n<li>Kiz\u00e1r\u00f3lag nemform\u00e1lis m\u00f3dszereket alkalmazunk, az egyik legfontosabb eleme a munk\u00e1nknak a J\u00c1T\u00c9K, mint hasznos tev\u00e9kenys\u00e9g&nbsp;&nbsp;<\/li>\n\n\n\n<li>Els\u0151sorban Veresegyh\u00e1zon \u00e9s a kist\u00e9rs\u00e9gben tev\u00e9kenyked\u00fcnk, de dolgozunk r\u00e9gi\u00f3s, orsz\u00e1gos \u00e9s nemzetk\u00f6zi projektekben is&nbsp;<\/li>\n\n\n\n<li>C\u00e9lcsoportunk a 10-30 k\u00f6z\u00f6tti fiatalok, kiemelten a 12-18 \u00e9ves koroszt\u00e1ly\u00a0\u00a0<\/li>\n<\/ul>\n","protected":false},"excerpt":{"rendered":"<p>Misszi\u00f3nk&nbsp; A T\u00e1maszpont Ment\u00e1lhigi\u00e9n\u00e9s Oktat\u00e1si \u00e9s Prevenci\u00f3s K\u00f6zhaszn\u00fa Alap\u00edtv\u00e1ny f\u0151 c\u00e9lja, hogy seg\u00edtse a fiatalokat az eg\u00e9szs\u00e9ges feln\u0151tt\u00e9 v\u00e1l\u00e1s folyamat\u00e1ban.\u00a0\u00a0\u00a0 &hellip; <a href=\"https:\/\/kozpont.tamaszpont.net\/\" class=\"more-link\"><span class=\"more-button\">Continue reading &gt;<span class=\"screen-reader-text\">Alap\u00edtv\u00e1nyunk<\/span><\/span><\/a><\/p>\n","protected":false},"author":1,"featured_media":0,"parent":0,"menu_order":0,"comment_status":"closed","ping_status":"closed","template":"","meta":{"footnotes":""},"class_list":["post-8","page","type-page","status-publish","hentry"],"_links":{"self":[{"href":"https:\/\/kozpont.tamaszpont.net\/index.php\/wp-json\/wp\/v2\/pages\/8","targetHints":{"allow":["GET"]}}],"collection":[{"href":"https:\/\/kozpont.tamaszpont.net\/index.php\/wp-json\/wp\/v2\/pages"}],"about":[{"href":"https:\/\/kozpont.tamaszpont.net\/index.php\/wp-json\/wp\/v2\/types\/page"}],"author":[{"embeddable":true,"href":"https:\/\/kozpont.tamaszpont.net\/index.php\/wp-json\/wp\/v2\/users\/1"}],"replies":[{"embeddable":true,"href":"https:\/\/kozpont.tamaszpont.net\/index.php\/wp-json\/wp\/v2\/comments?post=8"}],"version-history":[{"count":13,"href":"https:\/\/kozpont.tamaszpont.net\/index.php\/wp-json\/wp\/v2\/pages\/8\/revisions"}],"predecessor-version":[{"id":543,"href":"https:\/\/kozpont.tamaszpont.net\/index.php\/wp-json\/wp\/v2\/pages\/8\/revisions\/543"}],"wp:attachment":[{"href":"https:\/\/kozpont.tamaszpont.net\/index.php\/wp-json\/wp\/v2\/media?parent=8"}],"curies":[{"name":"wp","href":"https:\/\/api.w.org\/{rel}","templated":true}]}}