{"id":75,"date":"2021-07-27T13:23:32","date_gmt":"2021-07-27T13:23:32","guid":{"rendered":"http:\/\/51.124.107.145\/?page_id=75"},"modified":"2025-11-10T14:34:28","modified_gmt":"2025-11-10T14:34:28","slug":"eurodesk","status":"publish","type":"page","link":"https:\/\/kozpont.tamaszpont.net\/index.php\/eurodesk\/","title":{"rendered":"Ha k\u00e9rd\u00e9sed van, kezdd vel\u00fcnk!\u00a0"},"content":{"rendered":"<div class=\"wp-block-image\">\n<figure class=\"aligncenter size-full\"><img loading=\"lazy\" decoding=\"async\" width=\"300\" height=\"84\" src=\"https:\/\/kozpont.tamaszpont.net\/wp-content\/uploads\/2021\/08\/eurodesk_magyarorszag_color.png\" alt=\"\" class=\"wp-image-341\"\/><\/figure>\n<\/div>\n\n\n<p>Az Eurodesk egy olyan, az Eur\u00f3pai Bizotts\u00e1g t\u00e1mogat\u00e1s\u00e1val m\u0171k\u00f6d\u0151 eur\u00f3pai ifj\u00fas\u00e1gi inform\u00e1ci\u00f3-szolg\u00e1ltat\u00f3 h\u00e1l\u00f3zat \u00e9s egy\u00fcttm\u0171k\u00f6d\u00e9si keret, melynek az Eur\u00f3pai Uni\u00f3 tag\u00e1llamaiban, valamint Norv\u00e9gi\u00e1ban, Izlandon, Liechtensteinben \u00e9s T\u00f6r\u00f6korsz\u00e1gban t\u00f6bb mint 1200 region\u00e1lis \u00e9s helyi partnere van. Az ezekben az irod\u00e1kban dolgoz\u00f3 szakemberek fiataloknak \u00e9s a vel\u00fck foglalkoz\u00f3knak ny\u00fajtanak telefonos, e-mailes \u00e9s szem\u00e9lyes inform\u00e1ci\u00f3-szolg\u00e1ltat\u00e1st az eur\u00f3pai oktat\u00e1si, k\u00e9pz\u00e9si \u00e9s kultur\u00e1lis k\u00e9rd\u00e9sekr\u0151l.&nbsp;&nbsp;<\/p>\n\n\n\n<p>A magyarorsz\u00e1gi Eurodesk-h\u00e1l\u00f3zatot a Tempus K\u00f6zalap\u00edtv\u00e1nyon bel\u00fcl m\u0171k\u00f6d\u0151 Eurodesk Magyarorsz\u00e1g koordin\u00e1lja. Az orsz\u00e1gos koordin\u00e1torok fejleszt\u0151 munk\u00e1t v\u00e9geznek az ifj\u00fas\u00e1gi inform\u00e1ci\u00f3-szolg\u00e1ltat\u00e1s ter\u00fclet\u00e9n, nemzeti \u00e9s nemzetk\u00f6zi szinten egyar\u00e1nt.&nbsp;&nbsp;<\/p>\n\n\n\n<p>A T\u00e1maszpont MOPKA az Eurodesk Magyarorsz\u00e1gi h\u00e1l\u00f3zat\u00e1nak K\u00f6z\u00e9p-magyarorsz\u00e1gi szervezete. 2012-\u00f3ta vagyunk tagjai a h\u00e1l\u00f3zatnak, \u00e9s 2013-\u00f3ta a r\u00e9gi\u00f3s koordin\u00e1ci\u00f3t is a szervezet\u00fcnk l\u00e1tja el. Jelenleg Macz\u00f3 J\u00f3zsef, Alap\u00edtv\u00e1nyunk kurat\u00f3riumi eln\u00f6ke az Eurodesk K\u00f6z\u00e9p-magyarorsz\u00e1gi r\u00e9gi\u00f3 koordin\u00e1tora. R\u00e9gi\u00f3nkban jelenleg 7 partnerszervezet tagja a h\u00e1l\u00f3zatnak. Ezek a T\u00e1maszpont MOPKA (Veresegyh\u00e1z), Pillar Alap\u00edtv\u00e1ny (Budapest, Eur\u00f3pa Pont), Egy\u00fctthat\u00f3 K\u00f6z\u00f6ss\u00e9g\u00e9p\u00edt\u0151 Egyes\u00fclet (Budapest IV. ker\u00fclet), H52 Ifj\u00fas\u00e1gi Iroda \u00e9s K\u00f6z\u00f6ss\u00e9gi T\u00e9r (Budapest IX. ker\u00fclet) \u00e9s a Fiatalok Egy\u00fcttm\u0171k\u00f6d\u00e9se a Cegl\u00e9di Sikeres K\u00f6z\u00f6ss\u00e9gek\u00e9rt Egyes\u00fclet (Cegl\u00e9d), Magammal Viszem Alap\u00edtv\u00e1ny (Budapest V. ker\u00fclet), J\u00e1tszoda Egyes\u00fclet &#8211; Dombfalva (Domonyv\u00f6lgy).\u00a0\u00a0\u00a0<\/p>\n\n\n\n<p>Az Eurodesk h\u00e1l\u00f3zat k\u00e9t alappill\u00e9re a nemzetk\u00f6zi mobilit\u00e1si programok n\u00e9pszer\u0171s\u00edt\u00e9se \u00e9s az akt\u00edv \u00e1llampolg\u00e1rs\u00e1gra nevel\u00e9s. B\u00e1rmelyik t\u00e9m\u00e1ban seg\u00edts\u00e9gre van sz\u00fcks\u00e9ged, vagy csak egy k\u00e9rd\u00e9sed lenne, akkor nyugodtan keresd valamelyik partnerszervezetet a weboldalukon vagy a k\u00f6z\u00f6ss\u00e9gi oldalukon megadott el\u00e9rhet\u0151s\u00e9gek valamelyik\u00e9n!&nbsp;&nbsp;<\/p>\n\n\n\n<figure class=\"wp-block-image size-full\"><a href=\"https:\/\/kozpont.tamaszpont.net\/wp-content\/uploads\/2021\/08\/eurodesk_infograf-1.jpg\"><img loading=\"lazy\" decoding=\"async\" width=\"212\" height=\"300\" src=\"https:\/\/kozpont.tamaszpont.net\/wp-content\/uploads\/2021\/08\/eurodesk_infograf.jpg\" alt=\"\" class=\"wp-image-340\"\/><\/a><figcaption class=\"wp-element-caption\">Nagy\u00edt\u00e1s\u00e9rt kattints a k\u00e9pre!<\/figcaption><\/figure>\n","protected":false},"excerpt":{"rendered":"<p>Az Eurodesk egy olyan, az Eur\u00f3pai Bizotts\u00e1g t\u00e1mogat\u00e1s\u00e1val m\u0171k\u00f6d\u0151 eur\u00f3pai ifj\u00fas\u00e1gi inform\u00e1ci\u00f3-szolg\u00e1ltat\u00f3 h\u00e1l\u00f3zat \u00e9s egy\u00fcttm\u0171k\u00f6d\u00e9si keret, melynek az Eur\u00f3pai Uni\u00f3 &hellip; <a href=\"https:\/\/kozpont.tamaszpont.net\/index.php\/eurodesk\/\" class=\"more-link\"><span class=\"more-button\">Continue reading &gt;<span class=\"screen-reader-text\">Ha k\u00e9rd\u00e9sed van, kezdd vel\u00fcnk!\u00a0<\/span><\/span><\/a><\/p>\n","protected":false},"author":1,"featured_media":0,"parent":0,"menu_order":0,"comment_status":"closed","ping_status":"closed","template":"","meta":{"footnotes":""},"class_list":["post-75","page","type-page","status-publish","hentry"],"_links":{"self":[{"href":"https:\/\/kozpont.tamaszpont.net\/index.php\/wp-json\/wp\/v2\/pages\/75","targetHints":{"allow":["GET"]}}],"collection":[{"href":"https:\/\/kozpont.tamaszpont.net\/index.php\/wp-json\/wp\/v2\/pages"}],"about":[{"href":"https:\/\/kozpont.tamaszpont.net\/index.php\/wp-json\/wp\/v2\/types\/page"}],"author":[{"embeddable":true,"href":"https:\/\/kozpont.tamaszpont.net\/index.php\/wp-json\/wp\/v2\/users\/1"}],"replies":[{"embeddable":true,"href":"https:\/\/kozpont.tamaszpont.net\/index.php\/wp-json\/wp\/v2\/comments?post=75"}],"version-history":[{"count":14,"href":"https:\/\/kozpont.tamaszpont.net\/index.php\/wp-json\/wp\/v2\/pages\/75\/revisions"}],"predecessor-version":[{"id":634,"href":"https:\/\/kozpont.tamaszpont.net\/index.php\/wp-json\/wp\/v2\/pages\/75\/revisions\/634"}],"wp:attachment":[{"href":"https:\/\/kozpont.tamaszpont.net\/index.php\/wp-json\/wp\/v2\/media?parent=75"}],"curies":[{"name":"wp","href":"https:\/\/api.w.org\/{rel}","templated":true}]}}