{"id":73,"date":"2021-07-27T13:23:04","date_gmt":"2021-07-27T13:23:04","guid":{"rendered":"http:\/\/51.124.107.145\/?page_id=73"},"modified":"2021-07-27T14:17:52","modified_gmt":"2021-07-27T14:17:52","slug":"kepzesek","status":"publish","type":"page","link":"https:\/\/kozpont.tamaszpont.net\/index.php\/kepzesek\/","title":{"rendered":"K\u00e9pz\u00e9sek"},"content":{"rendered":"\n<p>Az Erasmus + program keretein bel\u00fcl lehet\u0151s\u00e9g van nemzetk\u00f6zi k\u00e9pz\u00e9seken (tr\u00e9ningeken, szemin\u00e1riumokon) val\u00f3 r\u00e9szv\u00e9telre azon fiatalok, ifj\u00fas\u00e1gi munk\u00e1sok, pedag\u00f3gusok sz\u00e1m\u00e1ra, akik nyitottak \u00e9s motiv\u00e1ltak speci\u00e1lis kompetenci\u00e1k elsaj\u00e1t\u00edt\u00e1s\u00e1ra, egy-egy t\u00e9m\u00e1ban val\u00f3 elm\u00e9ly\u00fcl\u00e9sre.&nbsp;Az Erasmus + program c\u00e9lja, hogy eur\u00f3pai dimenzi\u00f3ba helyezze a tanult m\u00f3dszereket \u00e9s kompetenci\u00e1kat, a r\u00e9sztvev\u0151k lehet\u0151s\u00e9get kapnak arra, hogy egym\u00e1st\u00f3l tanuljanak, tapasztalatot cser\u00e9ljenek, bemutass\u00e1k az egyes orsz\u00e1gokban\/k\u00f6z\u00f6ss\u00e9gekben bev\u00e1lt gyakorlatot, \u00e9s inspir\u00e1lj\u00e1k egym\u00e1st.&nbsp;<\/p>\n\n\n\n<p>Ezek a k\u00e9pz\u00e9sek k\u00fcl\u00f6nb\u00f6z\u0151 eur\u00f3pai orsz\u00e1gokban ker\u00fclnek megrendez\u00e9sre, a r\u00e9sztvev\u0151k mindig t\u00f6bb orsz\u00e1gb\u00f3l \u00e9rkeznek. Egy k\u00e9pz\u00e9s 5-10 napot \u00f6lel fel.&nbsp; A jelentkez\u00e9s felt\u00e9tele a bet\u00f6lt\u00f6tt 18. \u00e9let\u00e9v.&nbsp;<\/p>\n\n\n\n<p>A sz\u00e1ll\u00e1s, az \u00e9tkez\u00e9s \u00e9s az utaz\u00e1s k\u00f6lts\u00e9geinek nagy r\u00e9sz\u00e9t (esetenk\u00e9nt&nbsp;az eg\u00e9szet) a projekt szervez\u0151i \u00e1llj\u00e1k. R\u00e9sztvev\u0151k\u00e9nt az \u00fatik\u00f6lts\u00e9get kell el\u0151finansz\u00edrozni, amit a projekt&nbsp;lez\u00e1rult\u00e1val&nbsp;a r\u00e9sztvev\u0151k visszakapnak, \u00e9s projektenk\u00e9nt 18.000 Ft r\u00e9szv\u00e9teli d\u00edjat, amit indokolt esetben az alap\u00edtv\u00e1ny cs\u00f6kkenthet vagy elengedhet.&nbsp;<\/p>\n\n\n\n<p>Az tr\u00e9ningek \u00e9s szemin\u00e1riumok r\u00e9sztvev\u0151i az \u00e1ltaluk tanultakat elismertethetik a&nbsp;<a rel=\"noreferrer noopener\" href=\"https:\/\/www.youthpass.eu\/hu\/about-youthpass\/about\/\" target=\"_blank\">Youthpass<\/a>&nbsp;tan\u00fas\u00edtv\u00e1ny seg\u00edts\u00e9g\u00e9vel.&nbsp;<\/p>\n","protected":false},"excerpt":{"rendered":"<p>Az Erasmus + program keretein bel\u00fcl lehet\u0151s\u00e9g van nemzetk\u00f6zi k\u00e9pz\u00e9seken (tr\u00e9ningeken, szemin\u00e1riumokon) val\u00f3 r\u00e9szv\u00e9telre azon fiatalok, ifj\u00fas\u00e1gi munk\u00e1sok, pedag\u00f3gusok sz\u00e1m\u00e1ra, &hellip; <a href=\"https:\/\/kozpont.tamaszpont.net\/index.php\/kepzesek\/\" class=\"more-link\"><span class=\"more-button\">Continue reading &gt;<span class=\"screen-reader-text\">K\u00e9pz\u00e9sek<\/span><\/span><\/a><\/p>\n","protected":false},"author":1,"featured_media":0,"parent":0,"menu_order":0,"comment_status":"closed","ping_status":"closed","template":"","meta":{"footnotes":""},"class_list":["post-73","page","type-page","status-publish","hentry"],"_links":{"self":[{"href":"https:\/\/kozpont.tamaszpont.net\/index.php\/wp-json\/wp\/v2\/pages\/73","targetHints":{"allow":["GET"]}}],"collection":[{"href":"https:\/\/kozpont.tamaszpont.net\/index.php\/wp-json\/wp\/v2\/pages"}],"about":[{"href":"https:\/\/kozpont.tamaszpont.net\/index.php\/wp-json\/wp\/v2\/types\/page"}],"author":[{"embeddable":true,"href":"https:\/\/kozpont.tamaszpont.net\/index.php\/wp-json\/wp\/v2\/users\/1"}],"replies":[{"embeddable":true,"href":"https:\/\/kozpont.tamaszpont.net\/index.php\/wp-json\/wp\/v2\/comments?post=73"}],"version-history":[{"count":2,"href":"https:\/\/kozpont.tamaszpont.net\/index.php\/wp-json\/wp\/v2\/pages\/73\/revisions"}],"predecessor-version":[{"id":151,"href":"https:\/\/kozpont.tamaszpont.net\/index.php\/wp-json\/wp\/v2\/pages\/73\/revisions\/151"}],"wp:attachment":[{"href":"https:\/\/kozpont.tamaszpont.net\/index.php\/wp-json\/wp\/v2\/media?parent=73"}],"curies":[{"name":"wp","href":"https:\/\/api.w.org\/{rel}","templated":true}]}}