{"id":51,"date":"2021-07-27T13:09:31","date_gmt":"2021-07-27T13:09:31","guid":{"rendered":"http:\/\/51.124.107.145\/?page_id=51"},"modified":"2025-11-10T14:22:49","modified_gmt":"2025-11-10T14:22:49","slug":"beszamolok-2","status":"publish","type":"page","link":"https:\/\/kozpont.tamaszpont.net\/index.php\/beszamolok-2\/","title":{"rendered":"Besz\u00e1mol\u00f3k"},"content":{"rendered":"\n<div class=\"wp-block-buttons is-horizontal is-content-justification-center is-layout-flex wp-container-core-buttons-is-layout-499968f5 wp-block-buttons-is-layout-flex\">\n<div class=\"wp-block-button\"><a class=\"wp-block-button__link wp-element-button\" href=\"https:\/\/kozpont.tamaszpont.net\/wp-content\/uploads\/2025\/11\/Szakmai-beszamolo-2024_online.pdf\" target=\"_blank\" rel=\"noreferrer noopener\">szakmai besz\u00e1mol\u00f3 2024<\/a><\/div>\n\n\n\n<div class=\"wp-block-button\"><a class=\"wp-block-button__link wp-element-button\" href=\"https:\/\/kozpont.tamaszpont.net\/wp-content\/uploads\/2025\/11\/Penzugyi-beszamolo-2024.-1.pdf\" target=\"_blank\" rel=\"noreferrer noopener\">p\u00e9nz\u00fcgyi besz\u00e1mol\u00f3 2024<\/a><\/div>\n\n\n\n<div class=\"wp-block-button\"><a class=\"wp-block-button__link wp-element-button\" href=\"https:\/\/kozpont.tamaszpont.net\/wp-content\/uploads\/2025\/11\/Szakmai-beszamolo-2023_online.pdf\" target=\"_blank\" rel=\"noreferrer noopener\">szakmai besz\u00e1mol\u00f3 2023<\/a><\/div>\n\n\n\n<div class=\"wp-block-button\"><a class=\"wp-block-button__link wp-element-button\" href=\"https:\/\/kozpont.tamaszpont.net\/wp-content\/uploads\/2025\/11\/Penzugyi-beszamolo-2023.-1.pdf\" target=\"_blank\" rel=\"noreferrer noopener\">p\u00e9nz\u00fcgyi besz\u00e1mol\u00f3 2023<\/a><\/div>\n\n\n\n<div class=\"wp-block-button\"><a class=\"wp-block-button__link wp-element-button\" href=\"https:\/\/kozpont.tamaszpont.net\/wp-content\/uploads\/2023\/05\/Tamaszpont-MOPKA-2022.-evi-szakmai-beszamoloja.pdf\" target=\"_blank\" rel=\"noreferrer noopener\">szakmai besz\u00e1mol\u00f3 2022<\/a><\/div>\n\n\n\n<div class=\"wp-block-button\"><a class=\"wp-block-button__link wp-element-button\" href=\"https:\/\/kozpont.tamaszpont.net\/wp-content\/uploads\/2023\/05\/Egyszerusitett-beszamolo-es-kozhasznusagi-jelentes-2022.-Tamaszpont-MOPKA.pdf\" target=\"_blank\" rel=\"noreferrer noopener\">p\u00e9nz\u00fcgyi besz\u00e1mol\u00f3 2022<\/a><\/div>\n\n\n\n<div class=\"wp-block-button\"><a class=\"wp-block-button__link wp-element-button\" href=\"https:\/\/kozpont.tamaszpont.net\/wp-content\/uploads\/2023\/05\/Igazolas-letetbe-helyezesrol-2022-Tamaszpont-MOPKA.pdf\" target=\"_blank\" rel=\"noreferrer noopener\">Igazol\u00e1s 2022<\/a><\/div>\n\n\n\n<div class=\"wp-block-button\"><a class=\"wp-block-button__link wp-element-button\" href=\"https:\/\/kozpont.tamaszpont.net\/wp-content\/uploads\/2023\/05\/Kiegeszito-melleklet-a-2022.-evi-egyszerusitett-beszamolohoz-Tamaszpont-MOPKA.pdf\" target=\"_blank\" rel=\"noreferrer noopener\">kieg\u00e9sz\u00edt\u00e9s 2022<\/a><\/div>\n<\/div>\n\n\n\n<div class=\"wp-block-buttons is-horizontal is-content-justification-center is-layout-flex wp-container-core-buttons-is-layout-499968f5 wp-block-buttons-is-layout-flex\">\n<div class=\"wp-block-button\"><a class=\"wp-block-button__link wp-element-button\" href=\"https:\/\/kozpont.tamaszpont.net\/wp-content\/uploads\/2023\/05\/Tamaszpont-MOPKA-2021.-evi-szakmai-beszamolo.pdf\" target=\"_blank\" rel=\"noreferrer noopener\">szakmai besz\u00e1mol\u00f3 2021<\/a><\/div>\n\n\n\n<div class=\"wp-block-button\"><a class=\"wp-block-button__link wp-element-button\" href=\"https:\/\/kozpont.tamaszpont.net\/wp-content\/uploads\/2023\/05\/Tamaszpont-MOPKA-2021.-evi-penzugyi-beszamolo.pdf\" target=\"_blank\" rel=\"noreferrer noopener\">p\u00e9nz\u00fcgyi besz\u00e1mol\u00f3 2021<\/a><\/div>\n<\/div>\n\n\n\n<div class=\"wp-block-buttons is-horizontal is-content-justification-center is-layout-flex wp-container-core-buttons-is-layout-499968f5 wp-block-buttons-is-layout-flex\">\n<div class=\"wp-block-button\"><a class=\"wp-block-button__link wp-element-button\" href=\"https:\/\/kozpont.tamaszpont.net\/wp-content\/uploads\/2021\/08\/Tamaszpont-MOPKA-2020.-evi-penzugyi-beszamolo-alairt_compressed.pdf\" target=\"_blank\" rel=\"noreferrer noopener\">p\u00e9nz\u00fcgyi besz\u00e1mol\u00f3 2020<\/a><\/div>\n<\/div>\n\n\n\n<div class=\"wp-block-buttons is-horizontal is-content-justification-center is-layout-flex wp-container-core-buttons-is-layout-499968f5 wp-block-buttons-is-layout-flex\">\n<div class=\"wp-block-button\"><a class=\"wp-block-button__link wp-element-button\" href=\"https:\/\/kozpont.tamaszpont.net\/wp-content\/uploads\/2021\/08\/2019.-beszamolo.pdf\" target=\"_blank\" rel=\"noreferrer noopener\">p\u00e9nz\u00fcgyi Besz\u00e1mol\u00f3 2019<\/a><\/div>\n<\/div>\n\n\n\n<div class=\"wp-block-buttons is-horizontal is-content-justification-center is-layout-flex wp-container-core-buttons-is-layout-499968f5 wp-block-buttons-is-layout-flex\">\n<div class=\"wp-block-button\"><a class=\"wp-block-button__link wp-element-button\" href=\"https:\/\/kozpont.tamaszpont.net\/wp-content\/uploads\/2021\/08\/2018.-evi-beszamolo-es-kozhasznusagi-jelentes_compressed.pdf\" target=\"_blank\" rel=\"noreferrer noopener\">p\u00e9nz\u00fcgyi besz\u00e1mol\u00f3 2018<\/a><\/div>\n<\/div>\n","protected":false},"excerpt":{"rendered":"","protected":false},"author":1,"featured_media":0,"parent":0,"menu_order":0,"comment_status":"closed","ping_status":"closed","template":"","meta":{"footnotes":""},"class_list":["post-51","page","type-page","status-publish","hentry"],"_links":{"self":[{"href":"https:\/\/kozpont.tamaszpont.net\/index.php\/wp-json\/wp\/v2\/pages\/51","targetHints":{"allow":["GET"]}}],"collection":[{"href":"https:\/\/kozpont.tamaszpont.net\/index.php\/wp-json\/wp\/v2\/pages"}],"about":[{"href":"https:\/\/kozpont.tamaszpont.net\/index.php\/wp-json\/wp\/v2\/types\/page"}],"author":[{"embeddable":true,"href":"https:\/\/kozpont.tamaszpont.net\/index.php\/wp-json\/wp\/v2\/users\/1"}],"replies":[{"embeddable":true,"href":"https:\/\/kozpont.tamaszpont.net\/index.php\/wp-json\/wp\/v2\/comments?post=51"}],"version-history":[{"count":12,"href":"https:\/\/kozpont.tamaszpont.net\/index.php\/wp-json\/wp\/v2\/pages\/51\/revisions"}],"predecessor-version":[{"id":622,"href":"https:\/\/kozpont.tamaszpont.net\/index.php\/wp-json\/wp\/v2\/pages\/51\/revisions\/622"}],"wp:attachment":[{"href":"https:\/\/kozpont.tamaszpont.net\/index.php\/wp-json\/wp\/v2\/media?parent=51"}],"curies":[{"name":"wp","href":"https:\/\/api.w.org\/{rel}","templated":true}]}}