{"id":292,"date":"2021-07-27T16:03:43","date_gmt":"2021-07-27T16:03:43","guid":{"rendered":"http:\/\/51.124.107.145\/?page_id=292"},"modified":"2025-11-10T14:38:42","modified_gmt":"2025-11-10T14:38:42","slug":"tamogatas","status":"publish","type":"page","link":"https:\/\/kozpont.tamaszpont.net\/index.php\/tamogatas\/","title":{"rendered":"T\u00e1mogat\u00e1s"},"content":{"rendered":"\n<figure class=\"wp-block-image size-large\"><img loading=\"lazy\" decoding=\"async\" width=\"1024\" height=\"249\" src=\"https:\/\/kozpont.tamaszpont.net\/wp-content\/uploads\/2021\/08\/support-04-1024x249.png\" alt=\"\" class=\"wp-image-386\" srcset=\"https:\/\/kozpont.tamaszpont.net\/wp-content\/uploads\/2021\/08\/support-04-1024x249.png 1024w, https:\/\/kozpont.tamaszpont.net\/wp-content\/uploads\/2021\/08\/support-04-300x73.png 300w, https:\/\/kozpont.tamaszpont.net\/wp-content\/uploads\/2021\/08\/support-04-768x187.png 768w, https:\/\/kozpont.tamaszpont.net\/wp-content\/uploads\/2021\/08\/support-04-1536x374.png 1536w, https:\/\/kozpont.tamaszpont.net\/wp-content\/uploads\/2021\/08\/support-04-2048x499.png 2048w\" sizes=\"auto, (max-width: 799px) 94vw, (max-width: 1023px) 67vw, (max-width: 1365px) 62vw, 1037\" \/><\/figure>\n\n\n\n<p><strong><strong>T\u00e1maszpont Ment\u00e1lhigi\u00e9n\u00e9s Oktat\u00e1si \u00e9s Prevenci\u00f3s K\u00f6zhaszn\u00fa Alap\u00edtv\u00e1ny<\/strong> egy non-profit szervezet, \u00edgy k\u00f6lts\u00e9gvet\u00e9s\u00e9nek egy r\u00e9sz\u00e9t egy\u00e9ni t\u00e1mogat\u00e1sok teszik ki. Az \u00d6n hozz\u00e1j\u00e1rul\u00e1sa nagyon fontos sz\u00e1munkra, hiszen ez\u00e1ltal t\u00f6bb lehet\u0151s\u00e9g\u00fcnk ny\u00edlik arra, hogy programokat \u00e9s k\u00e9pz\u00e9seket szervezz\u00fcnk a fiataloknak \u00e9s seg\u00edts\u00e9get ny\u00fajtsunk a szabadid\u0151 hasznos elt\u00f6lt\u00e9s\u00e9re.&nbsp;<\/strong><\/p>\n\n\n\n<p><strong>N\u00e9v:<\/strong> T\u00e1maszpont MOPKA&nbsp;<br><strong>Sz\u00e1mlasz\u00e1m: <\/strong>10402991-50526589-82831011 (K&amp;H Bank)&nbsp;<br>K\u00e9rj\u00fck, a k\u00f6zlem\u00e9nyben t\u00fcntesse fel, hogy Adom\u00e1ny!&nbsp;<\/p>\n\n\n\n<p>Az Alap\u00edtv\u00e1nyr\u00f3l tov\u00e1bbi inform\u00e1ci\u00f3t \u00e9s&nbsp;<a href=\"https:\/\/kozpont.tamaszpont.net\/index.php\/alapitvanyunk\/\" target=\"_blank\" rel=\"noreferrer noopener\">R\u00f3lunk<\/a>&nbsp;f\u00fcl\u00f6n tal\u00e1l!&nbsp;<\/p>\n\n\n\n<p>Ha szem\u00e9lyesen szeretne tal\u00e1lkozni vel\u00fcnk, v\u00e1rjuk szeretettel a K\u00f6z-Pont Ifj\u00fas\u00e1gi H\u00e1zban, Veresegyh\u00e1zon a F\u0151 \u00fat 68. sz\u00e1m alatt!<\/p>\n\n\n\n<p><strong>Kontakt:&nbsp;<\/strong>Macz\u00f3 J\u00f3zsef, kurat\u00f3riumi eln\u00f6k<br><strong>E-mail:<\/strong>&nbsp;<a rel=\"noreferrer noopener\" href=\"mailto:maczo.jozsef@tamaszpont.net\" target=\"_blank\">maczo.jozsef@tamaszpont.net<\/a><\/p>\n\n\n\n<p>Amennyiben lehet\u0151s\u00e9gei korl\u00e1tozottak, de szeretn\u00e9 t\u00e1mogatni munk\u00e1nkat, aj\u00e1nlja fel ad\u00f3ja 1%-\u00e1t Alap\u00edtv\u00e1nyunk jav\u00e1ra!&nbsp;<br><strong>Ad\u00f3sz\u00e1munk:&nbsp;<\/strong>18278732-1-13&nbsp;<\/p>\n\n\n\n<hr class=\"wp-block-separator has-alpha-channel-opacity is-style-wide\"\/>\n\n\n\n<h2 class=\"wp-block-heading\">MOHU Re-Pont<\/h2>\n\n\n\n<p>T\u00e1mogass minket a RePontokon! Olvasd be az al\u00e1bbi QR k\u00f3dot telefonr\u00f3l a RePont automat\u00e1n\u00e1l \u00e9s a visszav\u00e1lt\u00e1si d\u00edjat automatikusan Alap\u00edtv\u00e1nyunk kapja meg. N\u00e9ha egy j\u00f3 cselekedet el\u00e9g ahhoz, hogy szebb legyen a nap!\u00a0<\/p>\n\n\n\n<figure class=\"wp-block-image size-full\"><img loading=\"lazy\" decoding=\"async\" width=\"503\" height=\"502\" src=\"https:\/\/kozpont.tamaszpont.net\/wp-content\/uploads\/2025\/11\/MOHU-RePont-QR-kod-1.png\" alt=\"\" class=\"wp-image-638\" srcset=\"https:\/\/kozpont.tamaszpont.net\/wp-content\/uploads\/2025\/11\/MOHU-RePont-QR-kod-1.png 503w, https:\/\/kozpont.tamaszpont.net\/wp-content\/uploads\/2025\/11\/MOHU-RePont-QR-kod-1-300x300.png 300w, https:\/\/kozpont.tamaszpont.net\/wp-content\/uploads\/2025\/11\/MOHU-RePont-QR-kod-1-150x150.png 150w\" sizes=\"auto, (max-width: 503px) 100vw, 503px\" \/><\/figure>\n","protected":false},"excerpt":{"rendered":"<p>T\u00e1maszpont Ment\u00e1lhigi\u00e9n\u00e9s Oktat\u00e1si \u00e9s Prevenci\u00f3s K\u00f6zhaszn\u00fa Alap\u00edtv\u00e1ny egy non-profit szervezet, \u00edgy k\u00f6lts\u00e9gvet\u00e9s\u00e9nek egy r\u00e9sz\u00e9t egy\u00e9ni t\u00e1mogat\u00e1sok teszik ki. Az \u00d6n &hellip; <a href=\"https:\/\/kozpont.tamaszpont.net\/index.php\/tamogatas\/\" class=\"more-link\"><span class=\"more-button\">Continue reading &gt;<span class=\"screen-reader-text\">T\u00e1mogat\u00e1s<\/span><\/span><\/a><\/p>\n","protected":false},"author":1,"featured_media":0,"parent":0,"menu_order":0,"comment_status":"closed","ping_status":"closed","template":"","meta":{"footnotes":""},"class_list":["post-292","page","type-page","status-publish","hentry"],"_links":{"self":[{"href":"https:\/\/kozpont.tamaszpont.net\/index.php\/wp-json\/wp\/v2\/pages\/292","targetHints":{"allow":["GET"]}}],"collection":[{"href":"https:\/\/kozpont.tamaszpont.net\/index.php\/wp-json\/wp\/v2\/pages"}],"about":[{"href":"https:\/\/kozpont.tamaszpont.net\/index.php\/wp-json\/wp\/v2\/types\/page"}],"author":[{"embeddable":true,"href":"https:\/\/kozpont.tamaszpont.net\/index.php\/wp-json\/wp\/v2\/users\/1"}],"replies":[{"embeddable":true,"href":"https:\/\/kozpont.tamaszpont.net\/index.php\/wp-json\/wp\/v2\/comments?post=292"}],"version-history":[{"count":7,"href":"https:\/\/kozpont.tamaszpont.net\/index.php\/wp-json\/wp\/v2\/pages\/292\/revisions"}],"predecessor-version":[{"id":639,"href":"https:\/\/kozpont.tamaszpont.net\/index.php\/wp-json\/wp\/v2\/pages\/292\/revisions\/639"}],"wp:attachment":[{"href":"https:\/\/kozpont.tamaszpont.net\/index.php\/wp-json\/wp\/v2\/media?parent=292"}],"curies":[{"name":"wp","href":"https:\/\/api.w.org\/{rel}","templated":true}]}}