{"id":207,"date":"2021-07-27T14:57:31","date_gmt":"2021-07-27T14:57:31","guid":{"rendered":"http:\/\/51.124.107.145\/?page_id=207"},"modified":"2021-08-15T14:13:23","modified_gmt":"2021-08-15T14:13:23","slug":"a-tabor","status":"publish","type":"page","link":"https:\/\/kozpont.tamaszpont.net\/index.php\/a-tabor\/","title":{"rendered":"K\u00fcldj h\u00e1tr\u00e1nyos helyzet\u0171 gyerekeket a t\u00e1borba!"},"content":{"rendered":"\n<figure class=\"wp-block-image size-large\"><img loading=\"lazy\" decoding=\"async\" width=\"1024\" height=\"226\" src=\"https:\/\/kozpont.tamaszpont.net\/wp-content\/uploads\/2021\/08\/a_tabor_2-01-1024x226.jpg\" alt=\"\" class=\"wp-image-316\" srcset=\"https:\/\/kozpont.tamaszpont.net\/wp-content\/uploads\/2021\/08\/a_tabor_2-01-1024x226.jpg 1024w, https:\/\/kozpont.tamaszpont.net\/wp-content\/uploads\/2021\/08\/a_tabor_2-01-300x66.jpg 300w, https:\/\/kozpont.tamaszpont.net\/wp-content\/uploads\/2021\/08\/a_tabor_2-01-768x169.jpg 768w, https:\/\/kozpont.tamaszpont.net\/wp-content\/uploads\/2021\/08\/a_tabor_2-01-1536x338.jpg 1536w, https:\/\/kozpont.tamaszpont.net\/wp-content\/uploads\/2021\/08\/a_tabor_2-01-2048x451.jpg 2048w\" sizes=\"auto, (max-width: 799px) 94vw, (max-width: 1023px) 67vw, (max-width: 1365px) 62vw, 1037\" \/><\/figure>\n\n\n\n<div class=\"wp-block-columns is-layout-flex wp-container-core-columns-is-layout-9d6595d7 wp-block-columns-is-layout-flex\">\n<div class=\"wp-block-column is-layout-flow wp-block-column-is-layout-flow\" style=\"flex-basis:33.33%\">\n<figure class=\"wp-block-image size-full is-resized\"><img loading=\"lazy\" decoding=\"async\" src=\"https:\/\/kozpont.tamaszpont.net\/wp-content\/uploads\/2021\/08\/a_tabor_k.jpg\" alt=\"\" class=\"wp-image-322\" width=\"215\" height=\"212\"\/><\/figure>\n<\/div>\n\n\n\n<div class=\"wp-block-column is-layout-flow wp-block-column-is-layout-flow\" style=\"flex-basis:66.66%\">\n<p>A T\u00e1bor egy m\u0171v\u00e9szetpedag\u00f3giai t\u00e1bor, aminek legfontosabb alkot\u00f3eleme a j\u00e1t\u00e9k, mint hasznos tev\u00e9kenys\u00e9g. A fiatalok k\u00fcl\u00f6nb\u00f6z\u0151 \u00e9rdekes, kalandos helyzetek r\u00e9szeseiv\u00e9 v\u00e1lnak, ahol saj\u00e1t d\u00f6nt\u00e9seikkel \u00e9s gondolataikkal hat\u00e1ssal vannak a t\u00f6rt\u00e9net folyat\u00e1s\u00e1ra \u00e9s a t\u00f6rt\u00e9net szerepl\u0151inek \u00e9let\u00e9re, valamint a saj\u00e1t \u00e9let\u00fckre is.&nbsp;\u00cdgy lehet\u0151s\u00e9g\u00fck ny\u00edlik a legk\u00fcl\u00f6nb\u00f6z\u0151bb \u00e9lethelyzetek kipr\u00f3b\u00e1l\u00e1s\u00e1ra egy biztons\u00e1gos \u00e9s j\u00e1t\u00e9kos k\u00f6rnyezetben.<\/p>\n<\/div>\n<\/div>\n\n\n\n<div class=\"wp-block-columns is-layout-flex wp-container-core-columns-is-layout-9d6595d7 wp-block-columns-is-layout-flex\">\n<div class=\"wp-block-column is-layout-flow wp-block-column-is-layout-flow\" style=\"flex-basis:66.66%\">\n<p>A h\u00e9t sor\u00e1n olyan csapatt\u00e1 v\u00e1lunk, akik odafigyelnek egym\u00e1sra, k\u00e9pesek felel\u0151ss\u00e9get v\u00e1llalni \u00e9s d\u00f6nt\u00e9seket hozni neh\u00e9z helyzetekben. Olyann\u00e1, akik b\u00e9k\u00e9re, harm\u00f3ni\u00e1ra t\u00f6rekszenek, n\u00e9ha elf\u00e1radnak, ilyenkor b\u00edztat\u00e1sra van sz\u00fcks\u00e9g\u00fck, de azt\u00e1n \u00fajult er\u0151vel vetik bele magukat a k\u00eds\u00e9rletez\u00e9sbe.<\/p>\n<\/div>\n\n\n\n<div class=\"wp-block-column is-layout-flow wp-block-column-is-layout-flow\" style=\"flex-basis:33.33%\">\n<figure class=\"wp-block-image size-full is-resized\"><img loading=\"lazy\" decoding=\"async\" src=\"https:\/\/kozpont.tamaszpont.net\/wp-content\/uploads\/2021\/08\/a_tabor_fa-02.jpg\" alt=\"\" class=\"wp-image-321\" width=\"203\" height=\"200\"\/><\/figure>\n<\/div>\n<\/div>\n\n\n\n<div class=\"wp-block-columns is-layout-flex wp-container-core-columns-is-layout-9d6595d7 wp-block-columns-is-layout-flex\">\n<div class=\"wp-block-column is-layout-flow wp-block-column-is-layout-flow\" style=\"flex-basis:33.33%\">\n<figure class=\"wp-block-image size-full is-resized\"><img loading=\"lazy\" decoding=\"async\" src=\"https:\/\/kozpont.tamaszpont.net\/wp-content\/uploads\/2021\/08\/a_tabor_batyu-02.jpg\" alt=\"\" class=\"wp-image-318\" width=\"185\" height=\"183\"\/><\/figure>\n<\/div>\n\n\n\n<div class=\"wp-block-column is-layout-flow wp-block-column-is-layout-flow\" style=\"flex-basis:66.66%\">\n<p>Sajnos az idei \u00e9vi k\u00f6lts\u00e9gvet\u00e9s\u00fcnk nem engedi, hogy \u00e1tv\u00e1llaljuk a r\u00e9sztvev\u0151k k\u00f6lts\u00e9geinek egy r\u00e9sz\u00e9t, ami \u00edgy a T\u00e1bor r\u00e9szv\u00e9teli d\u00edj\u00e1nak jelent\u0151s megn\u00f6veked\u00e9s\u00e9vel j\u00e1r. Alap\u00edtv\u00e1nyunk szeretne mindent megtenni, hogy az \u00e9vek \u00f3ta hozz\u00e1nk j\u00e1r\u00f3 h\u00e1tr\u00e1nyos helyzet\u0171 gyermekek id\u00e9n is vel\u00fcnk t\u00e1borozhassanak.&nbsp;<\/p>\n<\/div>\n<\/div>\n\n\n\n<h2 class=\"wp-block-heading\">K\u00f6lts\u00e9gek<\/h2>\n\n\n\n<div class=\"wp-block-columns is-layout-flex wp-container-core-columns-is-layout-9d6595d7 wp-block-columns-is-layout-flex\">\n<div class=\"wp-block-column is-layout-flow wp-block-column-is-layout-flow\">\n<div class=\"wp-block-columns is-layout-flex wp-container-core-columns-is-layout-9d6595d7 wp-block-columns-is-layout-flex\">\n<div class=\"wp-block-column is-layout-flow wp-block-column-is-layout-flow\">\n<figure class=\"wp-block-image size-large\"><img loading=\"lazy\" decoding=\"async\" width=\"1024\" height=\"1009\" src=\"https:\/\/kozpont.tamaszpont.net\/wp-content\/uploads\/2021\/08\/a_tabor_szallas-02-1024x1009.jpg\" alt=\"\" class=\"wp-image-326\" srcset=\"https:\/\/kozpont.tamaszpont.net\/wp-content\/uploads\/2021\/08\/a_tabor_szallas-02-1024x1009.jpg 1024w, https:\/\/kozpont.tamaszpont.net\/wp-content\/uploads\/2021\/08\/a_tabor_szallas-02-300x296.jpg 300w, https:\/\/kozpont.tamaszpont.net\/wp-content\/uploads\/2021\/08\/a_tabor_szallas-02-768x757.jpg 768w, https:\/\/kozpont.tamaszpont.net\/wp-content\/uploads\/2021\/08\/a_tabor_szallas-02.jpg 1290w\" sizes=\"auto, (max-width: 799px) 94vw, (max-width: 1023px) 67vw, (max-width: 1365px) 62vw, 1037\" \/><\/figure>\n\n\n\n<h2 class=\"wp-block-heading\">Sz\u00e1ll\u00e1s<\/h2>\n\n\n\n<p>10.000 Ft \/ gyerek \/ h\u00e9t<\/p>\n<\/div>\n\n\n\n<div class=\"wp-block-column is-layout-flow wp-block-column-is-layout-flow\">\n<figure class=\"wp-block-image size-large\"><img loading=\"lazy\" decoding=\"async\" width=\"1024\" height=\"1009\" src=\"https:\/\/kozpont.tamaszpont.net\/wp-content\/uploads\/2021\/08\/a_tabor_etkezes-02-1024x1009.jpg\" alt=\"\" class=\"wp-image-320\" srcset=\"https:\/\/kozpont.tamaszpont.net\/wp-content\/uploads\/2021\/08\/a_tabor_etkezes-02-1024x1009.jpg 1024w, https:\/\/kozpont.tamaszpont.net\/wp-content\/uploads\/2021\/08\/a_tabor_etkezes-02-300x296.jpg 300w, https:\/\/kozpont.tamaszpont.net\/wp-content\/uploads\/2021\/08\/a_tabor_etkezes-02-768x757.jpg 768w, https:\/\/kozpont.tamaszpont.net\/wp-content\/uploads\/2021\/08\/a_tabor_etkezes-02.jpg 1290w\" sizes=\"auto, (max-width: 799px) 94vw, (max-width: 1023px) 67vw, (max-width: 1365px) 62vw, 1037\" \/><\/figure>\n\n\n\n<h2 class=\"wp-block-heading\">Napi h\u00e1romszori \u00e9tkez\u00e9s<\/h2>\n\n\n\n<p>15.000 Ft \/ gyerek \/ h\u00e9t<\/p>\n<\/div>\n<\/div>\n<\/div>\n\n\n\n<div class=\"wp-block-column is-layout-flow wp-block-column-is-layout-flow\">\n<div class=\"wp-block-columns is-layout-flex wp-container-core-columns-is-layout-9d6595d7 wp-block-columns-is-layout-flex\">\n<div class=\"wp-block-column is-layout-flow wp-block-column-is-layout-flow\">\n<figure class=\"wp-block-image size-large\"><img loading=\"lazy\" decoding=\"async\" width=\"1024\" height=\"1009\" src=\"https:\/\/kozpont.tamaszpont.net\/wp-content\/uploads\/2021\/08\/a_tabor_utazas-02-1024x1009.jpg\" alt=\"\" class=\"wp-image-327\" srcset=\"https:\/\/kozpont.tamaszpont.net\/wp-content\/uploads\/2021\/08\/a_tabor_utazas-02-1024x1009.jpg 1024w, https:\/\/kozpont.tamaszpont.net\/wp-content\/uploads\/2021\/08\/a_tabor_utazas-02-300x296.jpg 300w, https:\/\/kozpont.tamaszpont.net\/wp-content\/uploads\/2021\/08\/a_tabor_utazas-02-768x757.jpg 768w, https:\/\/kozpont.tamaszpont.net\/wp-content\/uploads\/2021\/08\/a_tabor_utazas-02.jpg 1290w\" sizes=\"auto, (max-width: 799px) 94vw, (max-width: 1023px) 67vw, (max-width: 1365px) 62vw, 1037\" \/><\/figure>\n\n\n\n<h2 class=\"wp-block-heading\">Bel\u00e9p\u0151k \u00e9s fagyiz\u00e1s<\/h2>\n\n\n\n<p>3000 Ft \/ gyerek<\/p>\n<\/div>\n\n\n\n<div class=\"wp-block-column is-layout-flow wp-block-column-is-layout-flow\">\n<figure class=\"wp-block-image size-large\"><img loading=\"lazy\" decoding=\"async\" width=\"1024\" height=\"1009\" src=\"https:\/\/kozpont.tamaszpont.net\/wp-content\/uploads\/2021\/08\/a_tabor_eszkozok-02-1024x1009.jpg\" alt=\"\" class=\"wp-image-319\" srcset=\"https:\/\/kozpont.tamaszpont.net\/wp-content\/uploads\/2021\/08\/a_tabor_eszkozok-02-1024x1009.jpg 1024w, https:\/\/kozpont.tamaszpont.net\/wp-content\/uploads\/2021\/08\/a_tabor_eszkozok-02-300x296.jpg 300w, https:\/\/kozpont.tamaszpont.net\/wp-content\/uploads\/2021\/08\/a_tabor_eszkozok-02-768x757.jpg 768w, https:\/\/kozpont.tamaszpont.net\/wp-content\/uploads\/2021\/08\/a_tabor_eszkozok-02.jpg 1290w\" sizes=\"auto, (max-width: 799px) 94vw, (max-width: 1023px) 67vw, (max-width: 1365px) 62vw, 1037\" \/><\/figure>\n\n\n\n<h2 class=\"wp-block-heading\">Eszk\u00f6z\u00f6k<\/h2>\n\n\n\n<p>3000 Ft \/ gyerek \/ h\u00e9t<\/p>\n<\/div>\n<\/div>\n<\/div>\n<\/div>\n\n\n\n<div class=\"wp-block-columns is-layout-flex wp-container-core-columns-is-layout-9d6595d7 wp-block-columns-is-layout-flex\">\n<div class=\"wp-block-column is-layout-flow wp-block-column-is-layout-flow\">\n<figure class=\"wp-block-image size-large is-resized\"><img loading=\"lazy\" decoding=\"async\" src=\"https:\/\/kozpont.tamaszpont.net\/wp-content\/uploads\/2021\/08\/a_tabor_sokkicsi-02-1024x1009.jpg\" alt=\"\" class=\"wp-image-325\" width=\"395\" height=\"388\" srcset=\"https:\/\/kozpont.tamaszpont.net\/wp-content\/uploads\/2021\/08\/a_tabor_sokkicsi-02-1024x1009.jpg 1024w, https:\/\/kozpont.tamaszpont.net\/wp-content\/uploads\/2021\/08\/a_tabor_sokkicsi-02-300x296.jpg 300w, https:\/\/kozpont.tamaszpont.net\/wp-content\/uploads\/2021\/08\/a_tabor_sokkicsi-02-768x757.jpg 768w, https:\/\/kozpont.tamaszpont.net\/wp-content\/uploads\/2021\/08\/a_tabor_sokkicsi-02.jpg 1290w\" sizes=\"auto, (max-width: 395px) 100vw, 395px\" \/><\/figure>\n<\/div>\n\n\n\n<div class=\"wp-block-column is-layout-flow wp-block-column-is-layout-flow\">\n<p><\/p>\n\n\n\n<p><\/p>\n\n\n\n<p style=\"font-size:26px\">Sok kicsi sokra megy, \u00edgy b\u00e1rmilyen \u00f6sszeg\u0171 adom\u00e1nynak nagyon \u00f6r\u00fcl\u00fcnk!<\/p>\n<\/div>\n<\/div>\n\n\n\n<div class=\"wp-block-image\"><figure class=\"aligncenter size-full\"><img loading=\"lazy\" decoding=\"async\" width=\"300\" height=\"145\" src=\"https:\/\/kozpont.tamaszpont.net\/wp-content\/uploads\/2021\/08\/a_tabor_nyil-03.jpg\" alt=\"\" class=\"wp-image-324\"\/><\/figure><\/div>\n\n\n\n<p class=\"has-text-align-center\"><strong>Kedvezm\u00e9nyezett neve: <\/strong><br><strong>T\u00e1maszpont MOPKA<\/strong><\/p>\n\n\n\n<p class=\"has-text-align-center\"><strong>Banksz\u00e1mla sz\u00e1ma:&nbsp;<\/strong><br><strong>1040 2991 5052 6589 8283 1011<\/strong><\/p>\n\n\n\n<p class=\"has-text-align-center\"><strong>Sz\u00e1ml\u00e1t kezel\u0151 bank: <\/strong><br><strong>K&amp;H bank<\/strong><\/p>\n\n\n\n<p class=\"has-text-align-center\"><strong>K\u00f6zlem\u00e9nybe ezt \u00edrd:\u00a0<\/strong><br><strong>T\u00e1bor t\u00e1mogat\u00e1s 2021<\/strong><\/p>\n\n\n\n<div class=\"wp-block-image\"><figure class=\"aligncenter size-full\"><img loading=\"lazy\" decoding=\"async\" width=\"300\" height=\"145\" src=\"https:\/\/kozpont.tamaszpont.net\/wp-content\/uploads\/2021\/08\/a_tabor_nyil2-03.jpg\" alt=\"\" class=\"wp-image-323\"\/><\/figure><\/div>\n\n\n\n<hr class=\"wp-block-separator\"\/>\n\n\n\n<div class=\"wp-block-columns is-layout-flex wp-container-core-columns-is-layout-9d6595d7 wp-block-columns-is-layout-flex\">\n<div class=\"wp-block-column is-layout-flow wp-block-column-is-layout-flow\">\n<p><strong>A T\u00e1mogat\u00e1sra k\u00e9szp\u00e9nzben is van lehet\u0151s\u00e9g, a 2112 Veresegyh\u00e1z F\u0151 \u00fat 68. sz\u00e1m alatti K\u00f6z-Pont Ifj\u00fas\u00e1gi H\u00e1zban.<\/strong><\/p>\n<\/div>\n\n\n\n<div class=\"wp-block-column is-layout-flow wp-block-column-is-layout-flow\">\n<figure class=\"wp-block-image size-large is-resized\"><img loading=\"lazy\" decoding=\"async\" src=\"https:\/\/kozpont.tamaszpont.net\/wp-content\/uploads\/2021\/08\/a_tabor_ado-02-1024x1009.jpg\" alt=\"\" class=\"wp-image-317\" width=\"279\" height=\"275\" srcset=\"https:\/\/kozpont.tamaszpont.net\/wp-content\/uploads\/2021\/08\/a_tabor_ado-02-1024x1009.jpg 1024w, https:\/\/kozpont.tamaszpont.net\/wp-content\/uploads\/2021\/08\/a_tabor_ado-02-300x296.jpg 300w, https:\/\/kozpont.tamaszpont.net\/wp-content\/uploads\/2021\/08\/a_tabor_ado-02-768x757.jpg 768w, https:\/\/kozpont.tamaszpont.net\/wp-content\/uploads\/2021\/08\/a_tabor_ado-02.jpg 1290w\" sizes=\"auto, (max-width: 279px) 100vw, 279px\" \/><\/figure>\n<\/div>\n<\/div>\n\n\n\n<p><\/p>\n","protected":false},"excerpt":{"rendered":"<p>A T\u00e1bor egy m\u0171v\u00e9szetpedag\u00f3giai t\u00e1bor, aminek legfontosabb alkot\u00f3eleme a j\u00e1t\u00e9k, mint hasznos tev\u00e9kenys\u00e9g. A fiatalok k\u00fcl\u00f6nb\u00f6z\u0151 \u00e9rdekes, kalandos helyzetek r\u00e9szeseiv\u00e9 &hellip; <a href=\"https:\/\/kozpont.tamaszpont.net\/index.php\/a-tabor\/\" class=\"more-link\"><span class=\"more-button\">Continue reading &gt;<span class=\"screen-reader-text\">K\u00fcldj h\u00e1tr\u00e1nyos helyzet\u0171 gyerekeket a t\u00e1borba!<\/span><\/span><\/a><\/p>\n","protected":false},"author":1,"featured_media":0,"parent":0,"menu_order":0,"comment_status":"closed","ping_status":"closed","template":"","meta":{"footnotes":""},"class_list":["post-207","page","type-page","status-publish","hentry"],"_links":{"self":[{"href":"https:\/\/kozpont.tamaszpont.net\/index.php\/wp-json\/wp\/v2\/pages\/207","targetHints":{"allow":["GET"]}}],"collection":[{"href":"https:\/\/kozpont.tamaszpont.net\/index.php\/wp-json\/wp\/v2\/pages"}],"about":[{"href":"https:\/\/kozpont.tamaszpont.net\/index.php\/wp-json\/wp\/v2\/types\/page"}],"author":[{"embeddable":true,"href":"https:\/\/kozpont.tamaszpont.net\/index.php\/wp-json\/wp\/v2\/users\/1"}],"replies":[{"embeddable":true,"href":"https:\/\/kozpont.tamaszpont.net\/index.php\/wp-json\/wp\/v2\/comments?post=207"}],"version-history":[{"count":27,"href":"https:\/\/kozpont.tamaszpont.net\/index.php\/wp-json\/wp\/v2\/pages\/207\/revisions"}],"predecessor-version":[{"id":434,"href":"https:\/\/kozpont.tamaszpont.net\/index.php\/wp-json\/wp\/v2\/pages\/207\/revisions\/434"}],"wp:attachment":[{"href":"https:\/\/kozpont.tamaszpont.net\/index.php\/wp-json\/wp\/v2\/media?parent=207"}],"curies":[{"name":"wp","href":"https:\/\/api.w.org\/{rel}","templated":true}]}}