{"id":173,"date":"2021-07-27T14:48:47","date_gmt":"2021-07-27T14:48:47","guid":{"rendered":"http:\/\/51.124.107.145\/?page_id=173"},"modified":"2023-05-29T14:07:24","modified_gmt":"2023-05-29T14:07:24","slug":"kozossegi-szolgalat","status":"publish","type":"page","link":"https:\/\/kozpont.tamaszpont.net\/index.php\/kozossegi-szolgalat\/","title":{"rendered":"K\u00f6z\u00f6ss\u00e9gi Szolg\u00e1lat"},"content":{"rendered":"\n<figure class=\"wp-block-image size-large\"><img loading=\"lazy\" decoding=\"async\" width=\"1024\" height=\"250\" src=\"https:\/\/kozpont.tamaszpont.net\/wp-content\/uploads\/2021\/08\/onkentesseg-03-1024x250.png\" alt=\"\" class=\"wp-image-375\" srcset=\"https:\/\/kozpont.tamaszpont.net\/wp-content\/uploads\/2021\/08\/onkentesseg-03-1024x250.png 1024w, https:\/\/kozpont.tamaszpont.net\/wp-content\/uploads\/2021\/08\/onkentesseg-03-300x73.png 300w, https:\/\/kozpont.tamaszpont.net\/wp-content\/uploads\/2021\/08\/onkentesseg-03-768x187.png 768w, https:\/\/kozpont.tamaszpont.net\/wp-content\/uploads\/2021\/08\/onkentesseg-03-1536x375.png 1536w, https:\/\/kozpont.tamaszpont.net\/wp-content\/uploads\/2021\/08\/onkentesseg-03-2048x500.png 2048w\" sizes=\"auto, (max-width: 799px) 94vw, (max-width: 1023px) 67vw, (max-width: 1365px) 62vw, 1037\" \/><\/figure>\n\n\n\n<h1 class=\"wp-block-heading\">T\u00f6ltsd n\u00e1lunk 50 \u00f3r\u00e1s k\u00f6z\u00f6ss\u00e9gi szolg\u00e1latodat!&nbsp;<\/h1>\n\n\n\n<p>V\u00e1ltozatosan \u00e9s kreat\u00edvan t\u00f6lten\u00e9d az 50 \u00f3r\u00e1dat? J\u00f3 helyen j\u00e1rsz! N\u00e1lunk a kert\u00e9szked\u00e9st\u0151l, bark\u00e1csol\u00e1st\u00f3l a fot\u00f3z\u00e1son \u00e1t a rendezv\u00e9nyszervez\u00e9sig vagy saj\u00e1t \u00f6tleted megval\u00f3s\u00edt\u00e1s\u00e1ig rengeteg dolgot csin\u00e1lhatsz! A feladatok soksz\u00edn\u0171ek, id\u0151tartamban elt\u00e9r\u0151ek \u00e9s t\u00f6bbs\u00e9g\u00fck p\u00e1rban vagy csoportosan is v\u00e9gezhet\u0151. N\u00e9zd \u00e1t az aj\u00e1nl\u00e1sunkat \u00e9s jelentkezz, vagy \u00edrd meg nek\u00fcnk saj\u00e1t \u00f6tletedet e-mailben vagy valamelyik k\u00f6z\u00f6ss\u00e9gi m\u00e9dia fel\u00fclet\u00fcnk\u00f6n, esetleg mes\u00e9ld el Nek\u00fcnk szem\u00e9lyesen a K\u00f6z-Pont Ifj\u00fas\u00e1gi H\u00e1zban!\u00a0\u00a0<\/p>\n\n\n\n<ul class=\"wp-block-list\">\n<li>Rendezv\u00e9nyeink, programjaink el\u0151k\u00e9sz\u00edt\u00e9s\u00e9ben, lebonyol\u00edt\u00e1s\u00e1ban, ut\u00f3munk\u00e1j\u00e1ban val\u00f3 seg\u00edts\u00e9g ny\u00fajt\u00e1sa.&nbsp;&nbsp;<\/li>\n\n\n\n<li>Saj\u00e1t szakk\u00f6r\/klub\/foglalkoz\u00e1s tart\u00e1sa saj\u00e1t \u00f6tlet alapj\u00e1n heti, k\u00e9theti vagy havi rendszeress\u00e9ggel, melyhez sz\u00fcks\u00e9g szerint szakmai seg\u00edts\u00e9get biztos\u00edtunk.&nbsp;&nbsp;&nbsp;<\/li>\n\n\n\n<li>Vide\u00f3, fot\u00f3 anyag k\u00e9sz\u00edt\u00e9se a rendezv\u00e9nyeinken.&nbsp;<\/li>\n\n\n\n<li>Prom\u00f3ci\u00f3s feladatok, marketing tev\u00e9kenys\u00e9g (pl. sz\u00f3r\u00f3lapoz\u00e1s, plak\u00e1toz\u00e1s, megoszt\u00e1s, stb.)&nbsp;<\/li>\n\n\n\n<li>Kalandt\u00far\u00e1nk \u00e1llom\u00e1sainak ellen\u0151rz\u00e9se, hi\u00e1nyz\u00f3 eszk\u00f6z\u00f6k p\u00f3tl\u00e1sa, aj\u00e1nd\u00e9kok el\u0151k\u00e9sz\u00edt\u00e9se.&nbsp;<\/li>\n\n\n\n<li>Ford\u00edt\u00e1s angolr\u00f3l magyarra vagy magyarr\u00f3l angolra. Mindek\u00f6zben fejlesztheted a nyelvtud\u00e1sodat. Az Ifj\u00fas\u00e1gi H\u00e1zban, vagy ak\u00e1r otthonr\u00f3l is v\u00e9gezhet\u0151.&nbsp;&nbsp;&nbsp;<\/li>\n\n\n\n<li>Kert\u00e9szkedni m\u00e1rcius k\u00f6zep\u00e9t\u0151l okt\u00f3ber v\u00e9g\u00e9ig lehets\u00e9ges (pl. f\u0171ny\u00edr\u00e1s, metsz\u00e9s, vir\u00e1g\u00fcltet\u00e9s, z\u00f6ld hullad\u00e9k zs\u00e1kol\u00e1sa, stb.)&nbsp;<\/li>\n\n\n\n<li>Bark\u00e1csol\u00e1s \u2013 karbantart\u00e1s: Az \u00e9v minden napj\u00e1n, ha sz\u00fcks\u00e9g van r\u00e1, nagyon v\u00e1ltozatos, szinte b\u00e1rmi lehet, ami nem ig\u00e9nyel szaktud\u00e1st. (pl. fest\u00e9s, csiszol\u00e1s, szerel\u00e9s, f\u00far\u00e1s-farag\u00e1s, stb.)&nbsp;<\/li>\n<\/ul>\n","protected":false},"excerpt":{"rendered":"<p>T\u00f6ltsd n\u00e1lunk 50 \u00f3r\u00e1s k\u00f6z\u00f6ss\u00e9gi szolg\u00e1latodat!&nbsp; V\u00e1ltozatosan \u00e9s kreat\u00edvan t\u00f6lten\u00e9d az 50 \u00f3r\u00e1dat? J\u00f3 helyen j\u00e1rsz! N\u00e1lunk a kert\u00e9szked\u00e9st\u0151l, bark\u00e1csol\u00e1st\u00f3l &hellip; <a href=\"https:\/\/kozpont.tamaszpont.net\/index.php\/kozossegi-szolgalat\/\" class=\"more-link\"><span class=\"more-button\">Continue reading &gt;<span class=\"screen-reader-text\">K\u00f6z\u00f6ss\u00e9gi Szolg\u00e1lat<\/span><\/span><\/a><\/p>\n","protected":false},"author":1,"featured_media":0,"parent":0,"menu_order":0,"comment_status":"closed","ping_status":"closed","template":"","meta":{"footnotes":""},"class_list":["post-173","page","type-page","status-publish","hentry"],"_links":{"self":[{"href":"https:\/\/kozpont.tamaszpont.net\/index.php\/wp-json\/wp\/v2\/pages\/173","targetHints":{"allow":["GET"]}}],"collection":[{"href":"https:\/\/kozpont.tamaszpont.net\/index.php\/wp-json\/wp\/v2\/pages"}],"about":[{"href":"https:\/\/kozpont.tamaszpont.net\/index.php\/wp-json\/wp\/v2\/types\/page"}],"author":[{"embeddable":true,"href":"https:\/\/kozpont.tamaszpont.net\/index.php\/wp-json\/wp\/v2\/users\/1"}],"replies":[{"embeddable":true,"href":"https:\/\/kozpont.tamaszpont.net\/index.php\/wp-json\/wp\/v2\/comments?post=173"}],"version-history":[{"count":3,"href":"https:\/\/kozpont.tamaszpont.net\/index.php\/wp-json\/wp\/v2\/pages\/173\/revisions"}],"predecessor-version":[{"id":589,"href":"https:\/\/kozpont.tamaszpont.net\/index.php\/wp-json\/wp\/v2\/pages\/173\/revisions\/589"}],"wp:attachment":[{"href":"https:\/\/kozpont.tamaszpont.net\/index.php\/wp-json\/wp\/v2\/media?parent=173"}],"curies":[{"name":"wp","href":"https:\/\/api.w.org\/{rel}","templated":true}]}}